{"id":5,"date":"2021-02-28T21:44:22","date_gmt":"2021-02-28T20:44:22","guid":{"rendered":"https:\/\/ceka-parchim.blumit.de\/?page_id=5"},"modified":"2021-03-07T15:47:35","modified_gmt":"2021-03-07T14:47:35","slug":"service","status":"publish","type":"page","link":"https:\/\/ceka-parchim.de\/index.php\/service\/","title":{"rendered":"Service"},"content":{"rendered":"\n<p id=\"text\">Es ist unser Ziel, dass Sie gl\u00fccklich und zufrieden sind! Deshalb bieten wir Ihnen verschiedene M\u00f6glichkeiten an, damit Ihr Einkauf bei uns ein L\u00e4cheln in Ihr Gesicht zaubert. <\/p>\n\n\n\n<p id=\"text\"><strong>Kundenkarte<\/strong><\/p>\n\n\n\n<p id=\"text\">Fragen Sie nach den Vorteilen<\/p>\n\n\n\n<p id=\"text\"><strong>Auswahl-Service<\/strong><\/p>\n\n\n\n<p id=\"text\">Anprobe &#8211; bequem zu Hause<\/p>\n\n\n\n<p id=\"text\">Bargeldloser Einkauf bequem mit EC- und Kreditkarte zahlen<\/p>\n\n\n\n<p id=\"text\">kostenlose Geschenkverpackung<\/p>\n\n\n\n<p id=\"text\">Geschenkgutscheine<\/p>\n\n\n\n<p id=\"text\">Umtauschgarantie<\/p>\n\n\n\n<p id=\"text\">Kulanz bei Nichtgefallen einer Ware<\/p>\n\n\n\n<p id=\"text\">Reservierungsgarantie<\/p>\n","protected":false},"excerpt":{"rendered":"<p>Es ist unser Ziel, dass Sie gl\u00fccklich und zufrieden sind! Deshalb bieten wir Ihnen verschiedene M\u00f6glichkeiten an, damit Ihr Einkauf bei uns ein L\u00e4cheln in Ihr Gesicht zaubert. Kundenkarte Fragen Sie nach den Vorteilen Auswahl-Service Anprobe &#8211; bequem zu Hause Bargeldloser Einkauf bequem mit EC- und Kreditkarte zahlen kostenlose Geschenkverpackung Geschenkgutscheine Umtauschgarantie Kulanz bei Nichtgefallen [&hellip;]<\/p>\n","protected":false},"author":1,"featured_media":0,"parent":0,"menu_order":0,"comment_status":"closed","ping_status":"closed","template":"","meta":{"footnotes":""},"class_list":["post-5","page","type-page","status-publish","hentry"],"_links":{"self":[{"href":"https:\/\/ceka-parchim.de\/index.php\/wp-json\/wp\/v2\/pages\/5","targetHints":{"allow":["GET"]}}],"collection":[{"href":"https:\/\/ceka-parchim.de\/index.php\/wp-json\/wp\/v2\/pages"}],"about":[{"href":"https:\/\/ceka-parchim.de\/index.php\/wp-json\/wp\/v2\/types\/page"}],"author":[{"embeddable":true,"href":"https:\/\/ceka-parchim.de\/index.php\/wp-json\/wp\/v2\/users\/1"}],"replies":[{"embeddable":true,"href":"https:\/\/ceka-parchim.de\/index.php\/wp-json\/wp\/v2\/comments?post=5"}],"version-history":[{"count":4,"href":"https:\/\/ceka-parchim.de\/index.php\/wp-json\/wp\/v2\/pages\/5\/revisions"}],"predecessor-version":[{"id":230,"href":"https:\/\/ceka-parchim.de\/index.php\/wp-json\/wp\/v2\/pages\/5\/revisions\/230"}],"wp:attachment":[{"href":"https:\/\/ceka-parchim.de\/index.php\/wp-json\/wp\/v2\/media?parent=5"}],"curies":[{"name":"wp","href":"https:\/\/api.w.org\/{rel}","templated":true}]}}